{"id":4325,"date":"2018-04-24T08:36:11","date_gmt":"2018-04-24T08:36:11","guid":{"rendered":"https:\/\/www.wtcmp.com\/presentation-wtcmp\/"},"modified":"2022-02-04T11:08:50","modified_gmt":"2022-02-04T10:08:50","slug":"about-wtcmp","status":"publish","type":"page","link":"https:\/\/www.wtcmp.com\/en\/about-wtcmp\/","title":{"rendered":"Pr\u00e9sentation du WTCMP"},"content":{"rendered":"<div class=\"wpb-content-wrapper\"><p>[vc_row full_width=&#8221;stretch_row&#8221; disable_element=&#8221;yes&#8221; css=&#8221;.vc_custom_1569272299293{padding-top: 80px !important;padding-bottom: 80px !important;background-image: url(https:\/\/www.wtcmp.com\/wp-content\/uploads\/2018\/08\/pexels-photo-140983.jpeg?id=1002) !important;background-position: center !important;background-repeat: no-repeat !important;background-size: cover !important;}&#8221;][vc_column width=&#8221;1\/4&#8243;][\/vc_column][vc_column width=&#8221;1\/2&#8243;][vc_custom_heading text=&#8221;A propos&#8221; font_container=&#8221;tag:h2|font_size:2.875rem|text_align:center&#8221; use_theme_fonts=&#8221;yes&#8221;][vc_empty_space height=&#8221;10px&#8221;][vc_custom_heading text=&#8221;NanoSoft has pioneered IT services in New York for 30 years, consistently delivering business value with the latest technology.&#8221; font_container=&#8221;tag:div|text_align:center&#8221; use_theme_fonts=&#8221;yes&#8221;][\/vc_column][vc_column width=&#8221;1\/4&#8243;][\/vc_column][\/vc_row][vc_row disable_element=&#8221;yes&#8221;][vc_column offset=&#8221;vc_hidden-sm vc_hidden-xs&#8221;][vc_widget_sidebar sidebar_id=&#8221;sidebar-5b6cfa681b024&#8243;][\/vc_column][\/vc_row][vc_row disable_element=&#8221;yes&#8221; css=&#8221;.vc_custom_1573130352712{margin-bottom: 60px !important;padding-top: 60px !important;}&#8221;][vc_column css_animation=&#8221;fadeInDown&#8221; offset=&#8221;vc_col-xs-6&#8243;][vc_single_image image=&#8221;1062&#8243; img_size=&#8221;full&#8221; style=&#8221;vc_box_rounded&#8221; css_animation=&#8221;none&#8221;][\/vc_column][\/vc_row][vc_row full_width=&#8221;stretch_row_content&#8221; disable_element=&#8221;yes&#8221; css=&#8221;.vc_custom_1574151016570{margin-bottom: 20px !important;padding-top: 0px !important;}&#8221;][vc_column css_animation=&#8221;fadeIn&#8221; width=&#8221;1\/4&#8243; offset=&#8221;vc_col-xs-6 vc_hidden-xs&#8221; css=&#8221;.vc_custom_1573744179941{padding-top: 10px !important;padding-right: 5px !important;padding-left: 10px !important;}&#8221;][vc_single_image image=&#8221;4019&#8243; img_size=&#8221;full&#8221; css_animation=&#8221;none&#8221;][\/vc_column][vc_column css_animation=&#8221;fadeIn&#8221; width=&#8221;1\/4&#8243; css=&#8221;.vc_custom_1573744226532{padding-top: 10px !important;padding-right: 5px !important;padding-left: 5px !important;}&#8221; offset=&#8221;vc_hidden-xs&#8221;][vc_single_image image=&#8221;4018&#8243; img_size=&#8221;full&#8221;][\/vc_column][vc_column css_animation=&#8221;fadeIn&#8221; width=&#8221;1\/4&#8243; css=&#8221;.vc_custom_1573744231876{padding-top: 10px !important;padding-right: 5px !important;padding-left: 5px !important;}&#8221; offset=&#8221;vc_hidden-xs&#8221;][vc_single_image image=&#8221;4017&#8243; img_size=&#8221;full&#8221;][\/vc_column][vc_column css_animation=&#8221;fadeIn&#8221; width=&#8221;1\/4&#8243; css=&#8221;.vc_custom_1573744238668{padding-top: 10px !important;padding-right: 10px !important;padding-left: 5px !important;}&#8221; offset=&#8221;vc_hidden-xs&#8221;][vc_single_image image=&#8221;4016&#8243; img_size=&#8221;full&#8221;][\/vc_column][\/vc_row][vc_row][vc_column][vc_empty_space height=&#8221;50px&#8221;][vc_custom_heading text=&#8221;World Trade Center Marseille Provence&#8221; font_container=&#8221;tag:h1|text_align:center&#8221; use_theme_fonts=&#8221;yes&#8221; el_class=&#8221;hidden&#8221;][vc_empty_space height=&#8221;30px&#8221;][vc_column_text]The World Trade Center Marseille Provence stands out as a genuine emblem of the regional economy, to make it a decisive driver of the region\u2019s international dynamics and attractiveness.<\/p>\n<p>From Marseille to Paris, 4 places and 2 core activities: the Business Center and the Events!<\/p>\n<p>The World Trade Center Marseille Provence is also:<\/p>\n<ul>\n<li>A tailor-made support for your turnkey event,<\/li>\n<li>A team of experts with proven expertise, ensuring your plans come to fruition just as you envision them,<\/li>\n<li>A network of global institutional and economic partners,<\/li>\n<\/ul>\n<p>[\/vc_column_text][vc_empty_space height=&#8221;60px&#8221;][\/vc_column][\/vc_row][vc_row full_width=&#8221;stretch_row_content&#8221;][vc_column][vc_row_inner equal_height=&#8221;yes&#8221;][vc_column_inner width=&#8221;1\/2&#8243; css=&#8221;.vc_custom_1573132632508{margin-right: 8px !important;padding-top: 50px !important;padding-right: 110px !important;padding-bottom: 50px !important;padding-left: 110px !important;background-color: #627792 !important;}&#8221;][vc_custom_heading text=&#8221;Need to organize an event?&#8221; font_container=&#8221;tag:h2|text_align:left|color:%23ffffff&#8221; use_theme_fonts=&#8221;yes&#8221;][vc_empty_space][vc_column_text]<span style=\"color: #fff;\">For a show, gala, congress, roadshow, seminar, cocktail, product launch &#8230; Three spaces 100% modular, three atmospheres await you in the second largest city in France.<\/span><\/p>\n<p><span style=\"color: #fff;\">Direction the historic heart of the city with the <a href=\"\/city-center-vieux-port\/?lang=en\"><strong>City Center<\/strong><\/a> and its 2000m2 of reception venues or the <a href=\"\/city-center-vieux-port\/?lang=en\"><strong>Palais de la Bourse<\/strong><\/a> to make history with your event. You prefer an atypical space with 360 \u00b0 view of Marseille? Welcome to the <a href=\"\/city-center-vieux-port\/?lang=en\"><strong>30th floor of the Sky Center<\/strong><\/a> in the prestigious Tour La Marseillaise!<\/span>[\/vc_column_text][vc_empty_space][vc_btn title=&#8221;More information&#8221; style=&#8221;flat&#8221; shape=&#8221;square&#8221; color=&#8221;orange&#8221; i_align=&#8221;right&#8221; i_type=&#8221;material&#8221; i_icon_material=&#8221;vc-material vc-material-arrow_forward&#8221; add_icon=&#8221;true&#8221; link=&#8221;url:%2Fen%2Fevent-center%2F|title:Event%20Center||&#8221;][\/vc_column_inner][vc_column_inner width=&#8221;1\/2&#8243; css=&#8221;.vc_custom_1573132639151{margin-left: 8px !important;padding-top: 50px !important;padding-right: 110px !important;padding-bottom: 50px !important;padding-left: 110px !important;background-color: #627792 !important;}&#8221;][vc_custom_heading text=&#8221;Need an office, a coworking or a legal address?&#8221; font_container=&#8221;tag:h2|text_align:right|color:%23ffffff&#8221; use_theme_fonts=&#8221;yes&#8221;][vc_empty_space][vc_column_text]<\/p>\n<p style=\"text-align: right;\"><span style=\"color: #fff;\"><strong>Rather Paris?<\/strong> Come and discover our <a href=\"https:\/\/www.wtcmp.com\/espace-george-v\/?lang=en\"><strong>Espace George V<\/strong><\/a>, in the heart of the Parisian golden triangle, between the Champs-Elys\u00e9es, Avenue Montaigne and the Eiffel Tower.<\/span><\/p>\n<p style=\"text-align: right;\"><span style=\"color: #fff;\"><strong>Rather Marseille?<\/strong> To host your project, choose <a href=\"https:\/\/www.wtcmp.com\/espace-george-v\/?lang=en\"><strong>the City Center and its Cowork&#8217;In<\/strong><\/a> for its start-up atmosphere, or the <a href=\"https:\/\/www.wtcmp.com\/sky-center-la-marseillaise\/?lang=en\"><strong>29<sup>th<\/sup> floor of the Sky Center<\/strong><\/a> to meet your highest expectations!<\/span><\/p>\n<p>[\/vc_column_text][vc_empty_space][vc_btn title=&#8221;More information&#8221; style=&#8221;flat&#8221; shape=&#8221;square&#8221; color=&#8221;orange&#8221; align=&#8221;right&#8221; i_align=&#8221;right&#8221; i_type=&#8221;material&#8221; i_icon_material=&#8221;vc-material vc-material-arrow_forward&#8221; add_icon=&#8221;true&#8221; link=&#8221;url:%2Fen%2Fbusiness-center%2F|title:Business%20Center||&#8221;][\/vc_column_inner][\/vc_row_inner][\/vc_column][\/vc_row][vc_row][vc_column][vc_empty_space height=&#8221;30px&#8221;][vc_column_text]<\/p>\n<h4>The World Trade Center Marseille Provence takes up the challenge of the attractiveness of the territory.<\/h4>\n<p>As a subsidiary partner of the CCIMP, the World Trade Center Marseille Provence is at the forefront of challenges such as the attractiveness, strengthening and transformation of the territory at the level of international standards, business and innovation, training or the opening to the world.<\/p>\n<p><em>\u00ab Aix Marseille Provence is today a world-class metropolis. &#8220;Attractive&#8221; and &#8220;business friendly&#8221;, our territory has a duty to offer &#8211; to companies from here and elsewhere &#8211; spaces and services to match their ambitions.<\/em><\/p>\n<p><em>The World Trade Center Marseille Provence has evolved its offer to meet the entrepreneurs\u2018expectations. In Marseilles, in the heart of the city and in the perimeter of Eurom\u00e9diterran\u00e9e, as well as in Paris, in one of the most beautiful districts of the capital, the World Trade Center Marseille Provence proposes exceptional places: business, convention centers, corporate club, connected to the international network World Trade Center.\u00a0\u201c<\/em><\/p>\n<p><em>Share the experience of the business centers of the World Trade Center Marseille Provence! \u00bb<\/em><\/p>\n<p><strong style=\"color: #f09f54;\">Jean-Luc Chauvin, Marseille Provence Chamber of Commerce and Industry Chairman<\/strong>[\/vc_column_text][vc_empty_space height=&#8221;60px&#8221;][\/vc_column][\/vc_row][vc_row disable_element=&#8221;yes&#8221;][vc_column][vc_custom_heading text=&#8221;World Trade Center Marseille Provence&#8221; font_container=&#8221;tag:h1|text_align:center&#8221; use_theme_fonts=&#8221;yes&#8221; el_class=&#8221;hidden&#8221;][vc_empty_space height=&#8221;30px&#8221;][vc_column_text]Le World Trade Center Marseille Provence s\u2019impose comme un atout majeur de l\u2019\u00e9conomie territoriale, \u00e0 la mesure des plus grandes m\u00e9tropoles europ\u00e9ennes.<\/p>\n<p>De Marseille \u00e0 Paris, 4 lieux et 2 activit\u00e9s principales : Le Business Center et l\u2019\u00e9v\u00e8nementiel !<\/p>\n<ul>\n<li><em>Besoin d\u2019organiser un \u00e9v\u00e8nement\u00a0<\/em>? Pour un salon, gala, congr\u00e8s, roadshow, s\u00e9minaire, cocktail, lancement de produit\u2026Trois espaces 100% modulables, trois ambiances vous attendent dans la deuxi\u00e8me ville de France.<\/li>\n<\/ul>\n<p>Direction le c\u0153ur historique de la ville avec <a href=\"\/city-center-vieux-port\/\"><strong style=\"color: #f09f54;\"><u>le City Center<\/u><\/strong><\/a> et ses 2000m2 d\u2019espaces r\u00e9ceptifs, ou <a href=\"\/palais-de-la-bourse\/\"><strong style=\"color: #f09f54;\"><u>le Palais de la Bourse<\/u><\/strong><\/a> pour faire entrer votre \u00e9v\u00e8nement dans l\u2019Histoire. Vous pr\u00e9f\u00e9rez un espace atypique avec vue \u00e0 360\u00b0 sur Marseille\u00a0? Bienvenue au <a href=\"https:\/\/www.wtcmp.com\/sky-center-la-marseillaise\/\"><strong style=\"color: #f09f54;\"><u>30 \u00e8me \u00e9tage du Sky Center<\/u><\/strong><\/a> dans la prestigieuse Tour La Marseillaise\u00a0!<\/p>\n<ul>\n<li><em>Besoin d\u2019un bureau, d\u2019un coworking ou d\u2019un espace de domiciliation <\/em>?\n<ul>\n<li><strong style=\"color: #f09f54;\">Plut\u00f4t Paris <\/strong>? Venez d\u00e9couvrir notre <a href=\"\/espace-george-v\/\"><strong style=\"color: #f09f54;\"><u>Espace George V<\/u><\/strong><\/a>, au sein du triangle d\u2019or parisien, entre les Champs-Elys\u00e9es, l\u2019Avenue Montaigne et la Tour Eiffel.<\/li>\n<li><strong style=\"color: #f09f54;\">Plut\u00f4t Marseille <\/strong>? Pour accueillir votre projet, choisissez <a href=\"\/espaces-de-travail-et-domiciliation\/coworking\/\"><strong style=\"color: #f09f54;\"><u>le City Center et son Cowork\u2019In <\/u><\/strong><\/a>pour son ambiance start-ups, ou le <a href=\"\/sky-center-la-marseillaise\/\"><strong style=\"color: #f09f54;\"><u>29<sup>\u00e8me<\/sup> \u00e9tage du Sky Center<\/u><\/strong><\/a> pour donner de la hauteur \u00e0 vos ambitions\u00a0!<\/li>\n<\/ul>\n<\/li>\n<\/ul>\n<p>&nbsp;<\/p>\n<p>Le World Trade Center Marseille Provence c\u2019est aussi\u00a0:<\/p>\n<ul>\n<li>Un accompagnement sur-mesure pour votre \u00e9v\u00e8nement cl\u00e9-en-main,<\/li>\n<li>Une \u00e9quipe d\u2019experts au savoir-faire \u00e9prouv\u00e9, \u00e0 votre \u00e9coute,<\/li>\n<li>Un r\u00e9seau de partenaires institutionnels et \u00e9conomiques mondial,<\/li>\n<\/ul>\n<h4>Le World Trade Center Marseille Provence rel\u00e8ve\u00a0le d\u00e9fi de l\u2019attractivit\u00e9 du territoire<\/h4>\n<p>Organisme partenaire filiale de la CCIMP, le World Trade Center Marseille Provence s\u2019impose au premier rang face aux d\u00e9fis tels que l\u2019attractivit\u00e9, le renforcement et la transformation du territoire au niveau des standards internationaux, le business et l\u2019innovation, la formation ou bien l\u2019ouverture au monde.<\/p>\n<p><em>\u00ab Aix Marseille Provence est aujourd\u2019hui une m\u00e9tropole de rang mondial. \u201cAttractive\u201d et \u201cbusiness friendly\u201d, notre territoire se doit de proposer aux entreprises \u2013 d\u2019ici et d\u2019ailleurs \u2013 des espaces et des services\u00a0\u00e0 la hauteur de leurs ambitions.<\/em><\/p>\n<p><em>Le World Trade Center Marseille Provence a fait \u00e9voluer son offre pour r\u00e9pondre au plus pr\u00e8s des attentes des entrepreneurs. A Marseille, en plein coeur de la ville et dans le p\u00e9rim\u00e8tre d\u2019Eurom\u00e9diterran\u00e9e, ainsi qu\u2019\u00e0 Paris, dans l\u2019un des plus beaux quartiers de la capitale, le World Trade Center Marseille Provence propose\u00a0des lieux d\u2019exception : centres d\u2019affaires, centres de congr\u00e8s, club d\u2019entreprises, connect\u00e9s au r\u00e9seau international World Trade Center.\u00a0\u201c<\/em><\/p>\n<p><em>Partagez l\u2019exp\u00e9rience des Business Places du World Trade Center Marseille Provence ! \u00bb<\/em><\/p>\n<p><strong style=\"color: #f09f54;\">Jean-Luc Chauvin, Pr\u00e9sident de la CCI Marseille Provence<\/strong>[\/vc_column_text][vc_empty_space height=&#8221;60px&#8221;][\/vc_column][\/vc_row][vc_row full_width=&#8221;stretch_row&#8221; disable_element=&#8221;yes&#8221; el_class=&#8221;gradient2 fix-overflow&#8221; css=&#8221;.vc_custom_1569272356225{padding-bottom: 50px !important;}&#8221;][vc_column css_animation=&#8221;fadeIn&#8221; width=&#8221;1\/3&#8243; el_class=&#8221;delay-1&#8243;]<div class=\"iconbox style2 \">\n\n\t<h4 class=\"box-title\">What We Do<\/h4>\n\t<div class=\"box-detail\">\n\t\t<p>Technology can be complicated, but we\u2019ve seen it all before and can help you with any IT issue.<\/p>\n\t\n\t<\/div>\n\t<div class=\"box-icon\"><img decoding=\"async\" src=\"https:\/\/www.wtcmp.com\/wp-content\/uploads\/2018\/08\/source-code-1900_d2c3a8cb-9d49-47a9-aa2d-152f24e446d6.svg\" alt=\"What We Do\" title=\"\"><\/div>\t\n\t\n\t\t<div class=\"box-readmore\">\n\t\t\t<a class=\"button no-bg\" href=\"https:\/\/www.wtcmp.com\/it-services\/\">View Our Services<\/a>\n\t\t<\/div>\n<\/div>[vc_empty_space height=&#8221;30px&#8221;][\/vc_column][vc_column css_animation=&#8221;fadeIn&#8221; width=&#8221;1\/3&#8243; el_class=&#8221;delay-2&#8243;]<div class=\"iconbox style2 \">\n\n\t<h4 class=\"box-title\">Who We Help?<\/h4>\n\t<div class=\"box-detail\">\n\t\t<p>Our vertical solutions expertise allows your business to streamline workflow, and increase productivity.<\/p>\n\t\n\t<\/div>\n\t<div class=\"box-icon\"><img decoding=\"async\" src=\"https:\/\/www.wtcmp.com\/wp-content\/uploads\/2018\/08\/statistic-2506_e2b2324b-d438-4f8d-9a74-eff54421bdfc.svg\" alt=\"Who We Help?\" title=\"\"><\/div>\t\n\t\n\t\t<div class=\"box-readmore\">\n\t\t\t<a class=\"button no-bg\" href=\"https:\/\/www.wtcmp.com\/industries\/\">Industries We Serve<\/a>\n\t\t<\/div>\n<\/div>[vc_empty_space height=&#8221;30px&#8221;][\/vc_column][vc_column css_animation=&#8221;fadeIn&#8221; width=&#8221;1\/3&#8243; el_class=&#8221;delay-3&#8243;]<div class=\"iconbox style2 \">\n\n\t<h4 class=\"box-title\">Why Choose Us<\/h4>\n\t<div class=\"box-detail\">\n\t\t<p>We have a proven process to help you move your business forward and we\u2019re with you every step of the way.<\/p>\n\t\n\t<\/div>\n\t<div class=\"box-icon\"><img decoding=\"async\" src=\"https:\/\/www.wtcmp.com\/wp-content\/uploads\/2018\/08\/verify-user-2882_b0075205-a1f2-46c2-b604-9f8cefd88c90.svg\" alt=\"Why Choose Us\" title=\"\"><\/div>\t\n\t\n\t\t<div class=\"box-readmore\">\n\t\t\t<a class=\"button no-bg\" href=\"https:\/\/www.wtcmp.com\/why-choose-us\/\">Find Out More<\/a>\n\t\t<\/div>\n<\/div>[vc_empty_space height=&#8221;30px&#8221;][\/vc_column][\/vc_row][vc_section full_width=&#8221;stretch_row&#8221; css=&#8221;.vc_custom_1569271393097{padding-top: 80px !important;padding-bottom: 80px !important;background-color: #627792 !important;}&#8221;][vc_row][vc_column][vc_custom_heading text=&#8221;Key Moments&#8221; font_container=&#8221;tag:h2|text_align:center|color:%23ffffff&#8221; use_theme_fonts=&#8221;yes&#8221;][vc_empty_space height=&#8221;40px&#8221;][\/vc_column][\/vc_row][vc_row css_animation=&#8221;none&#8221; css=&#8221;.vc_custom_1534133346078{padding-right: 15% !important;padding-left: 15% !important;}&#8221;][vc_column width=&#8221;1\/4&#8243;][vc_custom_heading text=&#8221;In 1979&#8243; font_container=&#8221;tag:h4|text_align:left|color:%23ffffff|line_height:1.5em&#8221; use_theme_fonts=&#8221;yes&#8221;][vc_empty_space height=&#8221;20px&#8221;][\/vc_column][vc_column width=&#8221;3\/4&#8243;][vc_column_text]<span style=\"color: #fff;\">In June, the Marseille Provence Chamber of Commerce and Industry earned its \u201cWorld Trade Center\u201d license from the WTCA (World Trade Centers Association).<\/span>[\/vc_column_text][vc_empty_space height=&#8221;40px&#8221;][\/vc_column][\/vc_row][vc_row css_animation=&#8221;none&#8221; css=&#8221;.vc_custom_1534133353803{padding-right: 15% !important;padding-left: 15% !important;}&#8221;][vc_column width=&#8221;1\/4&#8243;][vc_custom_heading text=&#8221;In 2002&#8243; font_container=&#8221;tag:h4|text_align:left|color:%23ffffff|line_height:1.5em&#8221; use_theme_fonts=&#8221;yes&#8221;][vc_empty_space height=&#8221;20px&#8221;][\/vc_column][vc_column width=&#8221;3\/4&#8243;][vc_column_text]<span style=\"color: #fff;\">Direct access to the Hotel Mercure opened, marking the beginning of a productive partnership. Despite being Marseille\u2019s third conference center, the World Trade Center Marseille Provence is the only one located downtown connected directly to a hotel.<\/span>[\/vc_column_text][vc_empty_space height=&#8221;40px&#8221;][\/vc_column][\/vc_row][vc_row css_animation=&#8221;none&#8221; css=&#8221;.vc_custom_1534133362720{padding-right: 15% !important;padding-left: 15% !important;}&#8221;][vc_column width=&#8221;1\/4&#8243;][vc_custom_heading text=&#8221;In 2005&#8243; font_container=&#8221;tag:h4|text_align:left|color:%23ffffff|line_height:1.5em&#8221; use_theme_fonts=&#8221;yes&#8221;][vc_empty_space height=&#8221;20px&#8221;][\/vc_column][vc_column width=&#8221;3\/4&#8243;][vc_column_text]<span style=\"color: #fff;\">A business center was created. Companies can hire offices and meeting rooms there or use it as a registered address.<\/span>[\/vc_column_text][vc_empty_space height=&#8221;40px&#8221;][\/vc_column][\/vc_row][vc_row css_animation=&#8221;none&#8221; css=&#8221;.vc_custom_1534133373185{padding-right: 15% !important;padding-left: 15% !important;}&#8221;][vc_column width=&#8221;1\/4&#8243;][vc_custom_heading text=&#8221;In 2014&#8243; font_container=&#8221;tag:h4|text_align:left|color:%23ffffff|line_height:1.5em&#8221; use_theme_fonts=&#8221;yes&#8221;][vc_empty_space height=&#8221;20px&#8221;][\/vc_column][vc_column width=&#8221;3\/4&#8243;][vc_column_text]<span style=\"color: #fff;\">Over the subsequent 10 years, the World Trade Center Marseille Provence gradually upgraded its services; in January, it opened the Espace George V, a new establishment on the famed avenue of the same name in the 8th arrondissement of Paris.<\/span>[\/vc_column_text][vc_empty_space height=&#8221;40px&#8221;][\/vc_column][\/vc_row][vc_row css=&#8221;.vc_custom_1570631170329{padding-right: 15% !important;padding-left: 15% !important;}&#8221;][vc_column width=&#8221;1\/4&#8243;][vc_custom_heading text=&#8221;In 2015&#8243; font_container=&#8221;tag:h4|text_align:left|color:%23ffffff|line_height:1.5em&#8221; use_theme_fonts=&#8221;yes&#8221;][vc_empty_space height=&#8221;20px&#8221;][\/vc_column][vc_column width=&#8221;3\/4&#8243;][vc_column_text]<span style=\"color: #fff;\">A collaborative space called the Cowork\u2019In Vieux-Port, was created to meet the needs of a new generation of entrepreneurs and a new way of using workspace.<\/span>[\/vc_column_text][vc_empty_space height=&#8221;40px&#8221;][\/vc_column][\/vc_row][vc_row css=&#8221;.vc_custom_1570631192925{padding-right: 15% !important;padding-left: 15% !important;}&#8221;][vc_column width=&#8221;1\/4&#8243;][vc_custom_heading text=&#8221;In 2017&#8243; font_container=&#8221;tag:h4|text_align:left|color:%23ffffff|line_height:1.5em&#8221; use_theme_fonts=&#8221;yes&#8221;][vc_empty_space height=&#8221;20px&#8221;][\/vc_column][vc_column width=&#8221;3\/4&#8243;][vc_column_text]<span style=\"color: #fff;\">Inauguration of the City Center Vieux-Port business center, renovated.<\/span>[\/vc_column_text][vc_empty_space height=&#8221;40px&#8221;][\/vc_column][\/vc_row][vc_row css=&#8221;.vc_custom_1570631198603{padding-right: 15% !important;padding-left: 15% !important;}&#8221;][vc_column width=&#8221;1\/4&#8243;][vc_custom_heading text=&#8221;In 2018&#8243; font_container=&#8221;tag:h4|text_align:left|color:%23ffffff|line_height:1.5em&#8221; use_theme_fonts=&#8221;yes&#8221;][vc_empty_space height=&#8221;20px&#8221;][\/vc_column][vc_column width=&#8221;3\/4&#8243;][vc_column_text]<span style=\"color: #fff;\">The World Trade Center Marseille Provence boast a new upscale establishment on the top 2 floors of La Marseillaise tower: the Sky Center La Marseillaise.<\/span>[\/vc_column_text][vc_empty_space height=&#8221;40px&#8221;][\/vc_column][\/vc_row][vc_row css=&#8221;.vc_custom_1570631204620{padding-right: 15% !important;padding-left: 15% !important;}&#8221;][vc_column width=&#8221;1\/4&#8243;][vc_custom_heading text=&#8221;In 2019&#8243; font_container=&#8221;tag:h4|text_align:left|color:%23ffffff|line_height:1.5em&#8221; use_theme_fonts=&#8221;yes&#8221;][vc_empty_space height=&#8221;20px&#8221;][\/vc_column][vc_column width=&#8221;3\/4&#8243;][vc_column_text]<span style=\"color: #fff;\">The prestigious Palais de la Bourse, in the heart of Marseille, joins the catalog of receptive venues of the World Trade Center Marseille Provence.<\/span>[\/vc_column_text][vc_empty_space height=&#8221;40px&#8221;][\/vc_column][\/vc_row][\/vc_section][vc_row][vc_column][vc_empty_space height=&#8221;40px&#8221;][vc_custom_heading text=&#8221;Few figures&#8221; font_container=&#8221;tag:h3|text_align:center&#8221; use_theme_fonts=&#8221;yes&#8221;][vc_empty_space height=&#8221;40px&#8221;][\/vc_column][\/vc_row][vc_row][vc_column width=&#8221;1\/3&#8243;]<div class=\"counter style2 \"><div class=\"counter-image\"><i class=\"vc_li vc_li-megaphone\"><\/i><\/div> <div class=\"counter-detail\">\n\t\t<h3 class=\"counter-content\">\n\t\t\t<span class=\"counter-prefix\"><\/span><span class=\"counter-value\" data-from=\"0\" data-to=\"850\" data-speed=\"1000\">0<\/span><span class=\"counter-suffix\"><\/span>\n\t\t<\/h3>\n\t<div class=\"counter-title\">Events held each year<\/div><\/div><\/div>[vc_empty_space height=&#8221;30px&#8221;][\/vc_column][vc_column width=&#8221;1\/3&#8243;]<div class=\"counter style2 \"><div class=\"counter-image\"><i class=\"fa fa-building-o\"><\/i><\/div> <div class=\"counter-detail\">\n\t\t<h3 class=\"counter-content\">\n\t\t\t<span class=\"counter-prefix\"><\/span><span class=\"counter-value\" data-from=\"0\" data-to=\"300\" data-speed=\"1000\">0<\/span><span class=\"counter-suffix\"><\/span>\n\t\t<\/h3>\n\t<div class=\"counter-title\">Company clients of our Business Centers and Cowork\u2019In<\/div><\/div><\/div>[vc_empty_space height=&#8221;30px&#8221;][\/vc_column][vc_column width=&#8221;1\/3&#8243;]<div class=\"counter style2 \"><div class=\"counter-image\"><i class=\"sl-note\"><\/i><\/div> <div class=\"counter-detail\">\n\t\t<h3 class=\"counter-content\">\n\t\t\t<span class=\"counter-prefix\"><\/span><span class=\"counter-value\" data-from=\"0\" data-to=\"7000\" data-speed=\"1000\">0<\/span><span class=\"counter-suffix\"><\/span>\n\t\t<\/h3>\n\t<div class=\"counter-title\">Language test each year<\/div><\/div><\/div>[vc_empty_space height=&#8221;30px&#8221;][\/vc_column][\/vc_row][vc_row full_width=&#8221;stretch_row&#8221; disable_element=&#8221;yes&#8221; css=&#8221;.vc_custom_1569272852215{padding-top: 80px !important;}&#8221; el_class=&#8221;gradient&#8221;][vc_column][\/vc_column][\/vc_row]<\/p>\n<\/div>","protected":false},"excerpt":{"rendered":"<p>[vc_row full_width=&#8221;stretch_row&#8221; disable_element=&#8221;yes&#8221; css=&#8221;.vc_custom_1569272299293{padding-top: 80px !important;padding-bottom: 80px !important;background-image: url(https:\/\/www.wtcmp.com\/wp-content\/uploads\/2018\/08\/pexels-photo-140983.jpeg?id=1002) !important;background-position: center !important;background-repeat: no-repeat !important;background-size: cover !important;}&#8221;][vc_column width=&#8221;1\/4&#8243;][\/vc_column][vc_column width=&#8221;1\/2&#8243;][vc_custom_heading text=&#8221;A propos&#8221; font_container=&#8221;tag:h2|font_size:2.875rem|text_align:center&#8221; use_theme_fonts=&#8221;yes&#8221;][vc_empty_space height=&#8221;10px&#8221;][vc_custom_heading text=&#8221;NanoSoft has pioneered IT services in New [&hellip;]<\/p>\n","protected":false},"author":7,"featured_media":0,"parent":0,"menu_order":0,"comment_status":"closed","ping_status":"closed","template":"","meta":{"footnotes":""},"class_list":["post-4325","page","type-page","status-publish","hentry"],"acf":[],"_links":{"self":[{"href":"https:\/\/www.wtcmp.com\/en\/wp-json\/wp\/v2\/pages\/4325","targetHints":{"allow":["GET"]}}],"collection":[{"href":"https:\/\/www.wtcmp.com\/en\/wp-json\/wp\/v2\/pages"}],"about":[{"href":"https:\/\/www.wtcmp.com\/en\/wp-json\/wp\/v2\/types\/page"}],"author":[{"embeddable":true,"href":"https:\/\/www.wtcmp.com\/en\/wp-json\/wp\/v2\/users\/7"}],"replies":[{"embeddable":true,"href":"https:\/\/www.wtcmp.com\/en\/wp-json\/wp\/v2\/comments?post=4325"}],"version-history":[{"count":19,"href":"https:\/\/www.wtcmp.com\/en\/wp-json\/wp\/v2\/pages\/4325\/revisions"}],"predecessor-version":[{"id":4814,"href":"https:\/\/www.wtcmp.com\/en\/wp-json\/wp\/v2\/pages\/4325\/revisions\/4814"}],"wp:attachment":[{"href":"https:\/\/www.wtcmp.com\/en\/wp-json\/wp\/v2\/media?parent=4325"}],"curies":[{"name":"wp","href":"https:\/\/api.w.org\/{rel}","templated":true}]}}