{"id":4375,"date":"2019-10-09T15:24:59","date_gmt":"2019-10-09T13:24:59","guid":{"rendered":"https:\/\/www.wtcmp.com\/centre-de-congres-et-meetings\/"},"modified":"2020-10-28T15:49:10","modified_gmt":"2020-10-28T14:49:10","slug":"event-center","status":"publish","type":"page","link":"https:\/\/www.wtcmp.com\/en\/event-center\/","title":{"rendered":"Event Center"},"content":{"rendered":"<div class=\"wpb-content-wrapper\"><p>[vc_section][vc_row][vc_column][vc_custom_heading text=&#8221;The World Trade Center offers you three unique places to organize your seminars and corporate events in Marseille.&#8221; font_container=&#8221;tag:h4|text_align:left&#8221; use_theme_fonts=&#8221;yes&#8221;][vc_empty_space height=&#8221;15px&#8221;][vc_column_text]Three prestigious locations with all the guarantees of quality infrastructure, equipment and service to make your event an exceptional moment.[\/vc_column_text][vc_empty_space height=&#8221;30px&#8221;][\/vc_column][\/vc_row][vc_row disable_element=&#8221;yes&#8221;][vc_column][vc_empty_space height=&#8221;60px&#8221;][\/vc_column][\/vc_row][\/vc_section][vc_row full_width=&#8221;stretch_row_content&#8221; gap=&#8221;20&#8243; equal_height=&#8221;yes&#8221; css=&#8221;.vc_custom_1603896547403{margin-bottom: 10px !important;padding-top: 25px !important;padding-bottom: 300px !important;background-color: #f3f6f9 !important;}&#8221; el_class=&#8221;sites_activities business&#8221;][vc_column width=&#8221;1\/3&#8243; css=&#8221;.vc_custom_1573218354029{padding-top: 30px !important;padding-right: 30px !important;padding-bottom: 15px !important;padding-left: 30px !important;background-position: center !important;background-repeat: no-repeat !important;background-size: cover !important;border-radius: 5px !important;}&#8221; el_class=&#8221;item&#8221;][vc_single_image image=&#8221;3110&#8243; img_size=&#8221;full&#8221;][vc_column_text]<\/p>\n<h3>City Center<\/h3>\n<p>Your event in a high-tech business complex in the historic heart of Marseille!<\/p>\n<ul>\n<li>2000 sqm of meeting areas<\/li>\n<li>11 adjustable rooms<\/li>\n<li>Plenary room of 400 sqm<\/li>\n<li>Co-design space of 140 sqm<\/li>\n<li>250 sqm sun terrace<\/li>\n<\/ul>\n<p><a class=\"button no-bg\" href=\"\/en\/event-center\/event-center-city-center\/\">Discover<i class=\"vc_btn3-icon vc-material vc-material-arrow_forward\"><\/i><\/a>[\/vc_column_text][\/vc_column][vc_column width=&#8221;1\/3&#8243; css=&#8221;.vc_custom_1573219879388{padding-top: 30px !important;padding-right: 30px !important;padding-bottom: 15px !important;padding-left: 30px !important;background-position: center !important;background-repeat: no-repeat !important;background-size: cover !important;border-radius: 5px !important;}&#8221; el_class=&#8221;item&#8221;][vc_single_image image=&#8221;3096&#8243; img_size=&#8221;full&#8221;][vc_column_text]<\/p>\n<h3>Sky Center<\/h3>\n<p>Make your event unforgettable on the 29th and 30th floors of the Tour la Marseillaise!<\/p>\n<ul>\n<li>900 sqm of high-end reception areas<\/li>\n<li>7 modular rooms<\/li>\n<li>Cocktails up to 400 people<\/li>\n<li>A 360 \u00b0 view of Marseille and the sea<\/li>\n<\/ul>\n<p><a class=\"button no-bg\" href=\"\/en\/event-center\/event-center-sky-center\/\">Discover<i class=\"vc_btn3-icon vc-material vc-material-arrow_forward\"><\/i><\/a>[\/vc_column_text][\/vc_column][vc_column width=&#8221;1\/3&#8243; css=&#8221;.vc_custom_1573219906575{padding-top: 30px !important;padding-right: 30px !important;padding-bottom: 25px !important;padding-left: 30px !important;background-position: center !important;background-repeat: no-repeat !important;background-size: cover !important;border-radius: 5px !important;}&#8221; el_class=&#8221;item&#8221;][vc_single_image image=&#8221;3103&#8243; img_size=&#8221;full&#8221;][vc_column_text]<\/p>\n<h3>Palais de la Bourse<\/h3>\n<p>In the heart of Marseille, come and enjoy a unique experience in the oldest chamber of commerce in the world, classified as a historical monument!<\/p>\n<ul>\n<li>3 remarkable reception area<\/li>\n<li>10,000 sqm to host your events<\/li>\n<li>Up to 800 guests in cocktail<\/li>\n<li>Heart of Marseille<\/li>\n<\/ul>\n<p><a class=\"button no-bg\" href=\"\/en\/event-center\/event-center-palais-de-la-bourse\/\">Discover<\/a>[\/vc_column_text][\/vc_column][\/vc_row][vc_row full_width=&#8221;stretch_row_content&#8221; gap=&#8221;20&#8243; equal_height=&#8221;yes&#8221; disable_element=&#8221;yes&#8221; css=&#8221;.vc_custom_1573220213999{padding-top: 25px !important;padding-bottom: 25px !important;background-color: #f3f6f9 !important;}&#8221; el_class=&#8221;sites_activities business&#8221;][vc_column width=&#8221;1\/3&#8243; css=&#8221;.vc_custom_1573218354029{padding-top: 30px !important;padding-right: 30px !important;padding-bottom: 15px !important;padding-left: 30px !important;background-position: center !important;background-repeat: no-repeat !important;background-size: cover !important;border-radius: 5px !important;}&#8221; el_class=&#8221;item&#8221;][vc_single_image image=&#8221;3806&#8243; img_size=&#8221;full&#8221;][vc_empty_space height=&#8221;15px&#8221;][vc_column_text]<\/p>\n<h3>Centre de congr\u00e8s City Center Vieux-Port<\/h3>\n<p>Votre \u00e9v\u00e8nement dans un complexe d\u2019affaires high-tech au c\u0153ur historique de Marseille\u00a0!<\/p>\n<ul>\n<li>2000 m2 d\u2019espace<\/li>\n<li>11 salles de r\u00e9union modulables<\/li>\n<li>Pl\u00e9ni\u00e8re de 400 m2<\/li>\n<li>Espace de co-design de 140 m2<\/li>\n<li>Terrasse de 250 m2<\/li>\n<\/ul>\n<p><a class=\"button no-bg\" href=\"https:\/\/www.wtcmp.com\/centre-de-congres-et-meetings\/centre-de-congres-city-center-vieux-port\/\">D\u00e9couvrir<i class=\"vc_btn3-icon vc-material vc-material-arrow_forward\"><\/i><\/a>[\/vc_column_text][vc_empty_space height=&#8221;25px&#8221;][vc_btn title=&#8221;D\u00e9couvrir&#8221; style=&#8221;flat&#8221; shape=&#8221;square&#8221; color=&#8221;orange&#8221; align=&#8221;right&#8221; i_align=&#8221;right&#8221; i_type=&#8221;material&#8221; i_icon_material=&#8221;vc-material vc-material-arrow_forward&#8221; add_icon=&#8221;true&#8221; link=&#8221;url:http%3A%2F%2Fwtcmp.wagaia.fr%2Fcentre-de-congres-et-meetings%2Fcentre-de-congres-city-center-vieux-port%2F|title:City%20Center%20Vieux-Port||&#8221;][\/vc_column][vc_column width=&#8221;1\/3&#8243; css=&#8221;.vc_custom_1573219879388{padding-top: 30px !important;padding-right: 30px !important;padding-bottom: 15px !important;padding-left: 30px !important;background-position: center !important;background-repeat: no-repeat !important;background-size: cover !important;border-radius: 5px !important;}&#8221; el_class=&#8221;item&#8221;][vc_single_image image=&#8221;3096&#8243; img_size=&#8221;full&#8221;][vc_empty_space height=&#8221;15px&#8221;][vc_column_text]<\/p>\n<h3>Centre de congr\u00e8s Sky center la Marseillaise<\/h3>\n<p>Faites de votre \u00e9v\u00e8nement un moment inoubliable aux 29<sup>\u00e8me <\/sup>et 30<sup>\u00e8me<\/sup> \u00e9tages de la Tour la Marseillaise\u00a0!<\/p>\n<ul>\n<li>900 m2 d\u2019espaces r\u00e9ceptifs haut-de-gamme<\/li>\n<li>7 salles modulables<\/li>\n<li>Cocktails jusqu\u2019\u00e0 400 personnes<\/li>\n<li>Vue 360 \u00b0 sur Marseille et la mer<\/li>\n<\/ul>\n<p><a class=\"button no-bg\" href=\"https:\/\/www.wtcmp.com\/centre-de-congres-et-meetings\/centre-de-congres-sky-center-la-marseillaise\/\">D\u00e9couvrir<i class=\"vc_btn3-icon vc-material vc-material-arrow_forward\"><\/i><\/a>[\/vc_column_text][vc_empty_space height=&#8221;25px&#8221;][vc_btn title=&#8221;D\u00e9couvrir&#8221; style=&#8221;flat&#8221; shape=&#8221;square&#8221; color=&#8221;orange&#8221; align=&#8221;right&#8221; i_align=&#8221;right&#8221; i_type=&#8221;material&#8221; i_icon_material=&#8221;vc-material vc-material-arrow_forward&#8221; add_icon=&#8221;true&#8221; link=&#8221;url:%2Fcentre-de-congres-et-meetings%2Fcentre-de-congres-sky-center-la-marseillaise%2F|title:Centre%20de%20congr%C3%A8s%20Sky%20Center%20la%20Marseillaise||&#8221;][\/vc_column][vc_column width=&#8221;1\/3&#8243; css=&#8221;.vc_custom_1573219906575{padding-top: 30px !important;padding-right: 30px !important;padding-bottom: 25px !important;padding-left: 30px !important;background-position: center !important;background-repeat: no-repeat !important;background-size: cover !important;border-radius: 5px !important;}&#8221; el_class=&#8221;item&#8221;][vc_single_image image=&#8221;3103&#8243; img_size=&#8221;full&#8221;][vc_empty_space height=&#8221;15px&#8221;][vc_column_text]<\/p>\n<h3>Centre de congr\u00e8s Palais de la Bourse<\/h3>\n<p>Au c\u0153ur de Marseille, venez vivre un moment unique dans la plus vieille chambre de commerce du monde, class\u00e9e aux monuments historiques\u00a0!<\/p>\n<ul>\n<li>3 espaces r\u00e9ceptifs d\u2019exception<\/li>\n<li>10\u00a0000 m2 pour accueillir vos \u00e9v\u00e8nements<\/li>\n<li>Jusqu\u2019\u00e0 800 invit\u00e9s en cocktails<\/li>\n<li>C\u0153ur de Marseille<\/li>\n<\/ul>\n<p><a class=\"button no-bg\" href=\"https:\/\/www.wtcmp.com\/centre-de-congres-et-meetings\/centre-de-congres-palais-de-la-bourse\/\">D\u00e9couvrir<i class=\"vc_btn3-icon vc-material vc-material-arrow_forward\"><\/i><\/a>[\/vc_column_text][vc_empty_space height=&#8221;25px&#8221;][vc_btn title=&#8221;D\u00e9couvrir&#8221; style=&#8221;flat&#8221; shape=&#8221;square&#8221; color=&#8221;orange&#8221; align=&#8221;right&#8221; i_align=&#8221;right&#8221; i_type=&#8221;material&#8221; i_icon_material=&#8221;vc-material vc-material-arrow_forward&#8221; add_icon=&#8221;true&#8221; link=&#8221;url:%2Fcentre-de-congres-et-meetings%2Fcentre-de-congres-palais-de-la-bourse%2F|title:Centre%20de%20congr%C3%A8s%20Palais%20de%20la%20Bourse||&#8221;][\/vc_column][\/vc_row][vc_section full_width=&#8221;stretch_row&#8221; css=&#8221;.vc_custom_1570711655232{padding-top: 35px !important;padding-bottom: 35px !important;background-color: #ffffff !important;}&#8221;][vc_row][vc_column width=&#8221;1\/4&#8243;][\/vc_column][vc_column width=&#8221;1\/2&#8243;][vc_custom_heading text=&#8221;Testimonials&#8221; font_container=&#8221;tag:h6|font_size:17%20px|text_align:center|color:%23627792&#8243; use_theme_fonts=&#8221;yes&#8221; el_class=&#8221;style1&#8243;][vc_empty_space height=&#8221;6px&#8221;][vc_custom_heading text=&#8221;What they say about us&#8221; font_container=&#8221;tag:h3|font_size:1.875%20em|text_align:center|color:%23f09f54&#8243; use_theme_fonts=&#8221;yes&#8221;][vc_empty_space height=&#8221;60px&#8221;][\/vc_column][vc_column width=&#8221;1\/4&#8243;][\/vc_column][\/vc_row][vc_row][vc_column el_class=&#8221;testimonial-with-border&#8221;]<!-- BEGIN: .elements-carousel -->\n<div class=\"elements-carousel  \" data-config=\"{&quot;items&quot;:3,&quot;itemsTablet&quot;:[768,2],&quot;itemsMobile&quot;:[479,1],&quot;autoPlay&quot;:false,&quot;stopOnHover&quot;:true,&quot;mouseDrag&quot;:true,&quot;touchDrag&quot;:true,&quot;responsive&quot;:true,&quot;scrollPerPage&quot;:true,&quot;slideSpeed&quot;:200,&quot;paginationSpeed&quot;:200,&quot;rewindSpeed&quot;:200,&quot;navigation&quot;:false,&quot;rewindNav&quot;:false,&quot;pagination&quot;:true,&quot;paginationNumbers&quot;:false,&quot;dragBeforeAnimFinish&quot;:true,&quot;addClassActive&quot;:true,&quot;autoHeight&quot;:true,&quot;navigationText&quot;:[&quot;Previous&quot;,&quot;Next&quot;],&quot;itemsScaleUp&quot;:true}\">\n\t<div class=\"elements-carousel-wrap\">\n\t\t\n\t<div class=\"testimonial   has-image\">\n\t\t<div class=\"testimonial-wrap\">\n\t\t\t<div class=\"testimonial-content\">\n\t\t\t\t\n\t\t<div class=\"testimonial-image\">\n\t\t\t<img decoding=\"async\" src=\"https:\/\/www.wtcmp.com\/wp-content\/uploads\/2019\/10\/airbus-2.png\" alt=\"Chrystel Gotnich\" title=\"\">\n\t\t<\/div>\n\t\t\t\t\t<div class=\"testimonial-text\"><p>&#8220;A young and dynamic team, listening to their client and available for all last minute changes! Breathtaking views and flexible spaces&#8221;<\/p>\n<\/div>\n\t\t\t<\/div>\n\n\t\t\t<div class=\"author-info\">\n\t\t\t\t<h6 class=\"author-name\">Chrystel Gotnich<\/h6>\n\t\t\t\t<span class=\"subtitle\">Head of Events and Protocol Marignane &amp; Paris<\/span> <span class=\"divider\">-<\/span> <span class=\"company\">Airbus Helicopters<\/span>\t\t\t<\/div>\n\t\t<\/div>\n\t<\/div>\n\n\t<div class=\"testimonial   has-image\">\n\t\t<div class=\"testimonial-wrap\">\n\t\t\t<div class=\"testimonial-content\">\n\t\t\t\t\n\t\t<div class=\"testimonial-image\">\n\t\t\t<img decoding=\"async\" src=\"https:\/\/www.wtcmp.com\/wp-content\/uploads\/2019\/10\/onet-logo.jpg\" alt=\"Katy Spisso\" title=\"\">\n\t\t<\/div>\n\t\t\t\t\t<div class=\"testimonial-text\"><p>&#8220;As soon as you have a qualitative service with smiling, available teams that understand your requirements and adapt to your constraints, you have every reason to remain loyal&#8221;<\/p>\n<\/div>\n\t\t\t<\/div>\n\n\t\t\t<div class=\"author-info\">\n\t\t\t\t<h6 class=\"author-name\">Katy Spisso<\/h6>\n\t\t\t\t<span class=\"subtitle\">Head of HR<\/span> <span class=\"divider\">-<\/span> <span class=\"company\">ONET Group<\/span>\t\t\t<\/div>\n\t\t<\/div>\n\t<\/div>\n\n\t<div class=\"testimonial   has-image\">\n\t\t<div class=\"testimonial-wrap\">\n\t\t\t<div class=\"testimonial-content\">\n\t\t\t\t\n\t\t<div class=\"testimonial-image\">\n\t\t\t<img decoding=\"async\" src=\"https:\/\/www.wtcmp.com\/wp-content\/uploads\/2019\/10\/logo_alm_couleur_0.png\" alt=\"St\u00e9phane BAUW\" title=\"\">\n\t\t<\/div>\n\t\t\t\t\t<div class=\"testimonial-text\"><p>&#8220;We appreciated the possibilities to visualize the location and the high availability of the staff as well as their caring of the client&#8217;s expectations in terms of space planning. The catering was appreciated, in an environment of exceptional quality&#8221;<\/p>\n<\/div>\n\t\t\t<\/div>\n\n\t\t\t<div class=\"author-info\">\n\t\t\t\t<h6 class=\"author-name\">St\u00e9phane BAUW<\/h6>\n\t\t\t\t<span class=\"subtitle\">Regional Manager<\/span> <span class=\"divider\">-<\/span> <span class=\"company\">AG2R La Mondiale<\/span>\t\t\t<\/div>\n\t\t<\/div>\n\t<\/div>\n\n\t<div class=\"testimonial   has-image\">\n\t\t<div class=\"testimonial-wrap\">\n\t\t\t<div class=\"testimonial-content\">\n\t\t\t\t\n\t\t<div class=\"testimonial-image\">\n\t\t\t<img decoding=\"async\" src=\"https:\/\/www.wtcmp.com\/wp-content\/uploads\/2019\/10\/logo_cruise_club-6df44.png\" alt=\"Elsa BASSET\" title=\"\">\n\t\t<\/div>\n\t\t\t\t\t<div class=\"testimonial-text\"><p>&#8220;The entire Marseille Provence Cruise Club team would like to thank you for hosting the <em>Welcome Reception <\/em>at the opening of the <em>Blue Maritime Summit <\/em>event. Thank you for your involvement and professionalism that contributed to the success of the event&#8221;<\/p>\n<\/div>\n\t\t\t<\/div>\n\n\t\t\t<div class=\"author-info\">\n\t\t\t\t<h6 class=\"author-name\">Elsa BASSET<\/h6>\n\t\t\t\t<span class=\"subtitle\">Project Manager<\/span> <span class=\"divider\">-<\/span> <span class=\"company\">Marseille Provence Cruise Club<\/span>\t\t\t<\/div>\n\t\t<\/div>\n\t<\/div>\n\n\t<div class=\"testimonial  \">\n\t\t<div class=\"testimonial-wrap\">\n\t\t\t<div class=\"testimonial-content\">\n\t\t\t\t\t\t\t\t<div class=\"testimonial-text\"><p>&#8220;For more than eight years, I have been organizing medical conferences in the convention center of the City Center Vieux-Port. Its location in the heart of Marseille with the nearby Mercure hotel helps me a lot. Just like its teams.&#8221;<\/p>\n<\/div>\n\t\t\t<\/div>\n\n\t\t\t<div class=\"author-info\">\n\t\t\t\t<h6 class=\"author-name\">Pascal Manera<\/h6>\n\t\t\t\t<span class=\"subtitle\">CEO<\/span> <span class=\"divider\">-<\/span> <span class=\"company\">Soci\u00e9t\u00e9 MANERA<\/span>\t\t\t<\/div>\n\t\t<\/div>\n\t<\/div>\n\n\t<div class=\"testimonial   has-image\">\n\t\t<div class=\"testimonial-wrap\">\n\t\t\t<div class=\"testimonial-content\">\n\t\t\t\t\n\t\t<div class=\"testimonial-image\">\n\t\t\t<img decoding=\"async\" src=\"https:\/\/www.wtcmp.com\/wp-content\/uploads\/2019\/10\/logognbnoir.png\" alt=\"Stephane Blengino\" title=\"\">\n\t\t<\/div>\n\t\t\t\t\t<div class=\"testimonial-text\"><p>&#8220;I personally wanted to thank the whole team for their availability during the seminar and the quality of the food during the lunches&#8221;<\/p>\n<\/div>\n\t\t\t<\/div>\n\n\t\t\t<div class=\"author-info\">\n\t\t\t\t<h6 class=\"author-name\">Stephane Blengino<\/h6>\n\t\t\t\t<span class=\"subtitle\">Sales Manager<\/span> <span class=\"divider\">-<\/span> <span class=\"company\">GNB Events<\/span>\t\t\t<\/div>\n\t\t<\/div>\n\t<\/div>\n\t<\/div>\n<\/div>\n<!-- END: .elements-carousel -->\n[vc_empty_space][\/vc_column][\/vc_row][\/vc_section][vc_section full_width=&#8221;stretch_row&#8221; css=&#8221;.vc_custom_1572990152004{padding-top: 60px !important;padding-bottom: 60px !important;background-color: #eceff3 !important;}&#8221;][vc_row][vc_column el_class=&#8221;event_center_section_icon&#8221;]<ul class=\"iconlist iconlist iconlist-icon-medium \"><li><div ><div class=\"iconlist-item-icon\"><i class=\"fa fa-handshake-o\"><\/i><\/div><div class=\"iconlist-item-content\">Dedicated Event Manager<\/div><\/div><\/li><li><div ><div class=\"iconlist-item-icon\"><i class=\"fa fa-arrows-alt\"><\/i><\/div><div class=\"iconlist-item-content\">Modularity of spaces<\/div><\/div><\/li><li><div ><div class=\"iconlist-item-icon\"><i class=\"fa fa-map-marker\"><\/i><\/div><div class=\"iconlist-item-content\">Easy access<\/div><\/div><\/li><li><div ><div class=\"iconlist-item-icon\"><i class=\"fa fa-random\"><\/i><\/div><div class=\"iconlist-item-content\">Flexible and tailor-made offers<\/div><\/div><\/li><li><div ><div class=\"iconlist-item-icon\"><i class=\"fa fa-street-view\"><\/i><\/div><div class=\"iconlist-item-content\">Privatization possible<\/div><\/div><\/li><\/ul>[\/vc_column][\/vc_row][\/vc_section][vc_section][vc_row][vc_column][vc_empty_space height=&#8221;60px&#8221;][vc_custom_heading text=&#8221;World Trade Center&#8221; font_container=&#8221;tag:h6|font_size:17px|text_align:center|color:%230e2b5c&#8221; use_theme_fonts=&#8221;yes&#8221; el_class=&#8221;style1&#8243;][vc_empty_space height=&#8221;6px&#8221;][vc_custom_heading text=&#8221;Our ecosystem&#8221; font_container=&#8221;tag:h3|font_size:1.875rem|text_align:center|color:%23f09f54&#8243; use_theme_fonts=&#8221;yes&#8221;][vc_images_carousel images=&#8221;3386,3387,3388,3389,3390,3391,3392,3393,3745&#8243; img_size=&#8221;full&#8221; onclick=&#8221;custom_link&#8221; custom_links_target=&#8221;_blank&#8221; slides_per_view=&#8221;4&#8243; autoplay=&#8221;yes&#8221; hide_pagination_control=&#8221;yes&#8221; hide_prev_next_buttons=&#8221;yes&#8221; partial_view=&#8221;yes&#8221; wrap=&#8221;yes&#8221; custom_links=&#8221;#E-8_aHR0cHMlM0ElMkYlMkZ3d3cuZmxldXJkZXNlbC10cmFpdGV1ci5mciUyRiUyQ2h0dHBzJTNBJTJGJTJGd3d3LmhlbGVuLmZyJTJGJTJDaHR0cHMlM0ElMkYlMkZ3d3cuamVyZW15dHJhaXRldXIuY29tJTJGJTJDaHR0cHMlM0ElMkYlMkZtYXJyb3V0cmFpdGV1ci5jb20lMkYlMkNodHRwcyUzQSUyRiUyRm1lcmN1cmUuYWNjb3Job3RlbHMuY29tJTJGZnIlMkZmcmFuY2UlMkZpbmRleC5zaHRtbCUyQ2h0dHAlM0ElMkYlMkZ3d3cucm9sYW5kcGFpeHRyYWl0ZXVyLmZyJTJGJTJDaHR0cHMlM0ElMkYlMkZ3d3cucHJlc3RpZ2Utc29kZXhvLmNvbSUyRiUyQ2h0dHBzJTNBJTJGJTJGd3d3LmxhdHJ1ZmZlbm9pcmUuY29tJTJGJTJDaHR0cHMlM0ElMkYlMkZ3d3cucGF2aWxsb250cmFpdGV1ci5mciUyRg==&#8221; css=&#8221;.vc_custom_1573563631936{margin-top: 75px !important;margin-bottom: 75px !important;}&#8221;][\/vc_column][\/vc_row][\/vc_section]<\/p>\n<\/div>","protected":false},"excerpt":{"rendered":"<p>[vc_section][vc_row][vc_column][vc_custom_heading text=&#8221;The World Trade Center offers you three unique places to organize your seminars and corporate events in Marseille.&#8221; font_container=&#8221;tag:h4|text_align:left&#8221; use_theme_fonts=&#8221;yes&#8221;][vc_empty_space height=&#8221;15px&#8221;][vc_column_text]Three prestigious locations with all the guarantees of quality [&hellip;]<\/p>\n","protected":false},"author":7,"featured_media":0,"parent":0,"menu_order":0,"comment_status":"closed","ping_status":"closed","template":"","meta":{"footnotes":""},"class_list":["post-4375","page","type-page","status-publish","hentry"],"acf":[],"_links":{"self":[{"href":"https:\/\/www.wtcmp.com\/en\/wp-json\/wp\/v2\/pages\/4375","targetHints":{"allow":["GET"]}}],"collection":[{"href":"https:\/\/www.wtcmp.com\/en\/wp-json\/wp\/v2\/pages"}],"about":[{"href":"https:\/\/www.wtcmp.com\/en\/wp-json\/wp\/v2\/types\/page"}],"author":[{"embeddable":true,"href":"https:\/\/www.wtcmp.com\/en\/wp-json\/wp\/v2\/users\/7"}],"replies":[{"embeddable":true,"href":"https:\/\/www.wtcmp.com\/en\/wp-json\/wp\/v2\/comments?post=4375"}],"version-history":[{"count":7,"href":"https:\/\/www.wtcmp.com\/en\/wp-json\/wp\/v2\/pages\/4375\/revisions"}],"predecessor-version":[{"id":6492,"href":"https:\/\/www.wtcmp.com\/en\/wp-json\/wp\/v2\/pages\/4375\/revisions\/6492"}],"wp:attachment":[{"href":"https:\/\/www.wtcmp.com\/en\/wp-json\/wp\/v2\/media?parent=4375"}],"curies":[{"name":"wp","href":"https:\/\/api.w.org\/{rel}","templated":true}]}}