{"id":4435,"date":"2019-10-15T14:39:22","date_gmt":"2019-10-15T12:39:22","guid":{"rendered":"https:\/\/www.wtcmp.com\/tests-de-langues\/"},"modified":"2022-02-04T11:09:06","modified_gmt":"2022-02-04T10:09:06","slug":"language-tests","status":"publish","type":"page","link":"https:\/\/www.wtcmp.com\/en\/language-tests\/","title":{"rendered":"Language tests"},"content":{"rendered":"<div class=\"wpb-content-wrapper\"><p>[vc_section][vc_row gap=&#8221;15&#8243; equal_height=&#8221;yes&#8221;][vc_column width=&#8221;1\/4&#8243; css=&#8221;.vc_custom_1573236389003{margin-top: 50px !important;padding-top: 15px !important;padding-right: 15px !important;padding-bottom: 5px !important;padding-left: 15px !important;background-color: #f3f4f7 !important;}&#8221; el_class=&#8221;testlangues&#8221;][vc_single_image image=&#8221;6991&#8243; img_size=&#8221;full&#8221;][vc_empty_space][vc_column_text]<\/p>\n<h4>TOEFL IBT\u00ae TESTS MARSEILLE<\/h4>\n<p>The <strong>TOEFL iBT\u00ae (Test Of English As Foreign Language \u2013 Internet Based Test)<\/strong> assesses the ability of non-English-speaking candidates to use and understand <strong>English as it is spoken and written in an academic context internationally.<\/strong><\/p>\n<p>The TOEFL iBT\u00ae Test is administered online in testing centers approved by ETS \u2013 such as The World Trade Center Marseille Provence &#8211; the first center approved for the TOEFL iBT\u00ae in the Bouches-du-Rh\u00f4ne department of France.[\/vc_column_text][vc_empty_space height=&#8221;20px&#8221;][vc_btn title=&#8221;Set the TOEFL IBT\u00ae test at the World Trade Center Marseille Provence&#8221; style=&#8221;flat&#8221; shape=&#8221;square&#8221; color=&#8221;orange&#8221; align=&#8221;center&#8221; i_align=&#8221;right&#8221; i_type=&#8221;material&#8221; i_icon_material=&#8221;vc-material vc-material-arrow_forward&#8221; add_icon=&#8221;true&#8221; link=&#8221;url:%2Fen%2Flanguage-tests%2Ftoefl-ibt-tests-marseille%2F|title:Tests%20Toefl%20Ibt%C2%AE%20Marseille||&#8221;][\/vc_column][vc_column width=&#8221;1\/4&#8243; css=&#8221;.vc_custom_1573236396339{margin-top: 50px !important;padding-top: 15px !important;padding-right: 15px !important;padding-bottom: 5px !important;padding-left: 15px !important;background-color: #f3f4f7 !important;}&#8221; el_class=&#8221;testlangues&#8221;][vc_single_image image=&#8221;6993&#8243; img_size=&#8221;full&#8221;][vc_empty_space height=&#8221;15px&#8221;][vc_column_text]<\/p>\n<h4>TOEIC\u00ae TESTS MARSEILLE<\/h4>\n<p>The <strong>TOEIC\u00ae (Test Of English for International Communication) <\/strong>is a method to accurately assess the proficiency of non-English-speaking applicants in oral and written comprehension and grammar <strong>for professional English.<\/strong><\/p>\n<p>The World Trade Center Marseille Provence Language Center is one of the first approved public centers for the <strong>TOEIC\u00ae Listening and Reading. <\/strong>[\/vc_column_text][vc_empty_space height=&#8221;20px&#8221;][vc_btn title=&#8221;Set the TOEIC\u00ae Listening and Reading \u00ae test at the World Trade Center Marseille Provence&#8221; style=&#8221;flat&#8221; shape=&#8221;square&#8221; color=&#8221;orange&#8221; align=&#8221;center&#8221; i_align=&#8221;right&#8221; i_type=&#8221;material&#8221; i_icon_material=&#8221;vc-material vc-material-arrow_forward&#8221; add_icon=&#8221;true&#8221; link=&#8221;url:%2Fen%2Flanguage-tests%2Ftoeic-tests-marseille%2F|title:Tests%20TOEIC%C2%AE%20Marseille||&#8221;][\/vc_column][vc_column width=&#8221;1\/4&#8243; css=&#8221;.vc_custom_1573236404380{margin-top: 50px !important;padding-top: 15px !important;padding-right: 15px !important;padding-bottom: 5px !important;padding-left: 15px !important;background-color: #f3f4f7 !important;}&#8221; el_class=&#8221;testlangues&#8221;][vc_single_image image=&#8221;6911&#8243; img_size=&#8221;500&#215;500&#8243;][vc_empty_space height=&#8221;15px&#8221;][vc_column_text]<\/p>\n<h4>TEF FOR NATURALIZATION EXAM MARSEILLE<\/h4>\n<p>The TEF for Naturalization (French Evaluation Test) measures the test-taker\u2019s proficiency <strong>in oral French <\/strong>(oral comprehension and oral expression) at a given moment in time. It is not a French course, but rather a test <strong>confirming the taker\u2019s knowledge of French<\/strong>.<\/p>\n<p>The French Ministry of the Interior requires proof of French language education for people wishing to apply for naturalization in France.[\/vc_column_text][vc_empty_space height=&#8221;20px&#8221;][vc_btn title=&#8221;Set the Tef exam at the World Trade Center Marseille Provence&#8221; style=&#8221;flat&#8221; shape=&#8221;square&#8221; color=&#8221;orange&#8221; align=&#8221;center&#8221; i_align=&#8221;right&#8221; i_type=&#8221;material&#8221; i_icon_material=&#8221;vc-material vc-material-arrow_forward&#8221; add_icon=&#8221;true&#8221; link=&#8221;url:%2Fen%2Flanguage-tests%2Ftef-for-naturalization-exam-marseille%2F|title:TEF%20for%20naturalization%20exam%20Marseille||&#8221;][\/vc_column][vc_column width=&#8221;1\/4&#8243; el_class=&#8221;testlangues&#8221; css=&#8221;.vc_custom_1573725489439{margin-top: 50px !important;padding-top: 15px !important;padding-right: 15px !important;padding-bottom: 15px !important;padding-left: 15px !important;background-color: #f3f4f7 !important;}&#8221;][vc_single_image image=&#8221;6992&#8243; img_size=&#8221;large&#8221;][vc_empty_space height=&#8221;15px&#8221;][vc_column_text]<\/p>\n<h4>TOEFL iTP\u00ae Tests<\/h4>\n<p>The TOEFL iTP\u00ae (Test Of English As Foreign Language \u2013 Institutional Test Paper) examines the ability of non-English-speaking candidates to use and understand English in an academic context.<\/p>\n<p>The TOEFL iTP\u00ae Test is administered on paper at official test centers approved by ETS &#8211; such as the World Trade Center Marseille Provence &#8211; the first approved TOEFL iTP\u00ae center in the Bouches-du-Rh\u00f4ne department.[\/vc_column_text][vc_empty_space height=&#8221;44px&#8221;][vc_btn title=&#8221;Set the TOEFL iTP\u00ae test at the Worl Trade Center Marseille Provence&#8221; style=&#8221;flat&#8221; shape=&#8221;square&#8221; color=&#8221;orange&#8221; align=&#8221;center&#8221; i_align=&#8221;right&#8221; i_type=&#8221;material&#8221; i_icon_material=&#8221;vc-material vc-material-arrow_forward&#8221; add_icon=&#8221;true&#8221; link=&#8221;url:%2Ftests-de-langues%2Ftoefl-itp%2F|title:INSCRIPTION%20TEST%20TOEFL%20ITP%20(INSTITUTIONAL%20TEST%20PAPER)%20ET%20TOEIC%20LISTENING%20%26%20READING%20POUR%20LES%20%C3%89TUDIANTS||&#8221;][\/vc_column][\/vc_row][vc_row][vc_column][vc_empty_space height=&#8221;45px&#8221;][\/vc_column][\/vc_row][\/vc_section][vc_section disable_element=&#8221;yes&#8221;][vc_row gap=&#8221;15&#8243; equal_height=&#8221;yes&#8221;][vc_column width=&#8221;1\/3&#8243; css=&#8221;.vc_custom_1573223382805{padding-top: 15px !important;padding-right: 15px !important;padding-bottom: 5px !important;padding-left: 15px !important;background-color: #f3f4f7 !important;}&#8221;][vc_single_image image=&#8221;2819&#8243; img_size=&#8221;full&#8221;][vc_empty_space height=&#8221;15px&#8221;][vc_column_text]<\/p>\n<h4>Tests TOEFL IBT\u00ae Marseille<\/h4>\n<p>Le <strong>TOEFL iBT\u00ae (Test Of English As Foreign Language \u2013 Internet Based Test)<\/strong> \u00e9value la capacit\u00e9 des candidats non anglophones \u00e0 utiliser et \u00e0 comprendre <strong>l\u2019anglais dans un contexte universitaire<\/strong>.<\/p>\n<p>Le TOEFL iBT\u00ae Test est administr\u00e9 via internet, dans des centres de test officiels agr\u00e9\u00e9s par ETS &#8211; comme le World Trade Center Marseille Provence &#8211; premier centre agr\u00e9\u00e9 pour le TOEFL iBT\u00ae dans le d\u00e9partement des Bouches-du-Rh\u00f4ne.[\/vc_column_text][vc_empty_space height=&#8221;20px&#8221;][vc_btn title=&#8221;Comment passer le TOEFL IBT\u00ae&#8221; style=&#8221;flat&#8221; shape=&#8221;square&#8221; color=&#8221;orange&#8221; align=&#8221;center&#8221; i_align=&#8221;right&#8221; i_type=&#8221;material&#8221; i_icon_material=&#8221;vc-material vc-material-arrow_forward&#8221; add_icon=&#8221;true&#8221; link=&#8221;url:http%3A%2F%2Fwtcmp.wagaia.fr%2Ftests-de-langues%2Ftests-toefl-ibt-marseille%2F|title:Tests%20Toefl%20Ibt%C2%AE%20Marseille||&#8221;][\/vc_column][vc_column width=&#8221;1\/3&#8243; css=&#8221;.vc_custom_1573223391380{padding-top: 15px !important;padding-right: 15px !important;padding-bottom: 5px !important;padding-left: 15px !important;background-color: #f3f4f7 !important;}&#8221;][vc_single_image image=&#8221;2820&#8243; img_size=&#8221;full&#8221;][vc_custom_heading text=&#8221;Tests TOEIC\u00ae Marseille&#8221; font_container=&#8221;tag:h4|text_align:left&#8221; use_theme_fonts=&#8221;yes&#8221; link=&#8221;url:http%3A%2F%2Fwtcmp.wagaia.fr%2Ftests-de-langues%2Ftests-toeic-marseille%2F|title:Tests%20Toeic%C2%AE%20Marseille||&#8221;][vc_empty_space height=&#8221;15px&#8221;][vc_column_text]<img loading=\"lazy\" decoding=\"async\" class=\"alignleft wp-image-2820 size-thumbnail\" src=\"https:\/\/www.wtcmp.com\/wp-content\/uploads\/2019\/10\/logo_toeic_300-150x150.jpg\" alt=\"Centre de congr\u00e8s &amp; centre d&#039;affaires \u00e0 marseille et Paris\" width=\"150\" height=\"150\" title=\"\" srcset=\"https:\/\/www.wtcmp.com\/wp-content\/uploads\/2019\/10\/logo_toeic_300-150x150.jpg 150w, https:\/\/www.wtcmp.com\/wp-content\/uploads\/2019\/10\/logo_toeic_300.jpg 300w\" sizes=\"auto, (max-width: 150px) 100vw, 150px\" \/><\/p>\n<p>Le <strong>TOEIC\u00ae (Test Of English for International Communication)<\/strong> permet une \u00e9valuation pr\u00e9cise des comp\u00e9tences des candidats non anglophones en <strong>anglais professionnel.<\/strong><\/p>\n<p>Le World Trade Center Marseille Provence est l\u2019un des premiers centres agr\u00e9\u00e9s publics pour le\u00a0<strong>TOEIC\u00ae Listening and Reading.\u00a0<\/strong>[\/vc_column_text][vc_empty_space height=&#8221;20px&#8221;][vc_btn title=&#8221;Comment passer le TOEIC\u00ae Listening and Reading&#8221; style=&#8221;flat&#8221; shape=&#8221;square&#8221; color=&#8221;orange&#8221; align=&#8221;center&#8221; i_align=&#8221;right&#8221; i_type=&#8221;material&#8221; i_icon_material=&#8221;vc-material vc-material-arrow_forward&#8221; add_icon=&#8221;true&#8221; link=&#8221;url:http%3A%2F%2Fwtcmp.wagaia.fr%2Ftests-de-langues%2Ftests-toeic-marseille%2F|title:Tests%20TOEIC%C2%AE%20Marseille||&#8221;][\/vc_column][vc_column width=&#8221;1\/3&#8243; css=&#8221;.vc_custom_1573223400532{padding-top: 15px !important;padding-right: 15px !important;padding-bottom: 5px !important;padding-left: 15px !important;background-color: #f3f4f7 !important;}&#8221;][vc_custom_heading text=&#8221;Examen TEF pour la naturalisation marseille&#8221; font_container=&#8221;tag:h4|text_align:left&#8221; use_theme_fonts=&#8221;yes&#8221; link=&#8221;url:http%3A%2F%2Fwtcmp.wagaia.fr%2Ftests-de-langues%2Fexamen-tef-pour-la-naturalisation-marseille%2F|title:Tests%20Toeic%C2%AE%20Marseille||&#8221;][vc_empty_space height=&#8221;15px&#8221;][vc_column_text]<img loading=\"lazy\" decoding=\"async\" class=\"alignleft wp-image-2821 size-thumbnail\" src=\"https:\/\/www.wtcmp.com\/wp-content\/uploads\/2019\/10\/tef_naturalisation-150x150.png\" alt=\"Centre de congr\u00e8s &amp; centre d&#039;affaires \u00e0 marseille et Paris\" width=\"150\" height=\"150\" title=\"\"><\/p>\n<p>Le TEF pour la naturalisation (Test d\u2019Evaluation du Fran\u00e7ais) mesure un niveau de connaissances en <strong>fran\u00e7ais oral<\/strong> (compr\u00e9hension orale et expression orale), \u00e0 un moment donn\u00e9. Ce n\u2019est pas un stage de fran\u00e7ais, mais un test validant des connaissances en fran\u00e7ais.<\/p>\n<p>Ce test est requis par le Minist\u00e8re de l\u2019Int\u00e9rieur pour les personnes qui souhaitent d\u00e9poser un dossier de demande de naturalisation fran\u00e7aise.[\/vc_column_text][vc_empty_space height=&#8221;20px&#8221;][vc_btn title=&#8221;Comment passer le TEF&#8221; style=&#8221;flat&#8221; shape=&#8221;square&#8221; color=&#8221;orange&#8221; align=&#8221;center&#8221; i_align=&#8221;right&#8221; i_type=&#8221;material&#8221; i_icon_material=&#8221;vc-material vc-material-arrow_forward&#8221; add_icon=&#8221;true&#8221; link=&#8221;url:http%3A%2F%2Fwtcmp.wagaia.fr%2Ftests-de-langues%2Fexamen-tef-pour-la-naturalisation-marseille%2F|title:Examen%20TEF%20pour%20la%20naturalisation%20Marseille||&#8221;][\/vc_column][\/vc_row][vc_row][vc_column][vc_empty_space height=&#8221;45px&#8221;][\/vc_column][\/vc_row][\/vc_section][vc_section full_width=&#8221;stretch_row_content&#8221; css=&#8221;.vc_custom_1571211526405{margin-bottom: 40px !important;padding-top: 45px !important;padding-bottom: 25px !important;background-color: #5d89b3 !important;}&#8221;][vc_row full_width=&#8221;stretch_row_content_no_spaces&#8221; content_placement=&#8221;middle&#8221;][vc_column][vc_btn title=&#8221;Free online level test&#8221; style=&#8221;flat&#8221; shape=&#8221;square&#8221; color=&#8221;orange&#8221; size=&#8221;lg&#8221; align=&#8221;center&#8221; custom_onclick=&#8221;true&#8221; link=&#8221;url:http%3A%2F%2Fwww.cple-langues.fr%2Ftest-niveau.htm||target:%20_blank|&#8221;][\/vc_column][\/vc_row][\/vc_section][vc_section][vc_row css=&#8221;.vc_custom_1571155722650{padding-top: 35px !important;padding-bottom: 25px !important;}&#8221;][vc_column el_class=&#8221;text-center&#8221;]<ul class=\"iconlist iconlist iconlist-icon-medium \"><li><div ><div class=\"iconlist-item-icon\"><i class=\"fa fa-handshake-o\"><\/i><\/div><div class=\"iconlist-item-content\">Professionals\/individuals<\/div><\/div><\/li><li><div ><div class=\"iconlist-item-icon\"><i class=\"fa fa-graduation-cap\"><\/i><\/div><div class=\"iconlist-item-content\">Diploma<br \/>Certifications<\/div><\/div><\/li><li><div ><div class=\"iconlist-item-icon\"><i class=\"fa fa-calendar-check-o\"><\/i><\/div><div class=\"iconlist-item-content\">Test sessions<br \/>throughout the year<\/div><\/div><\/li><li><div ><div class=\"iconlist-item-icon\"><i class=\"fa fa-certificate\"><\/i><\/div><div class=\"iconlist-item-content\">Authorized center<\/div><\/div><\/li><\/ul>[\/vc_column][\/vc_row][\/vc_section]<\/p>\n<\/div>","protected":false},"excerpt":{"rendered":"<p>[vc_section][vc_row gap=&#8221;15&#8243; equal_height=&#8221;yes&#8221;][vc_column width=&#8221;1\/4&#8243; css=&#8221;.vc_custom_1573236389003{margin-top: 50px !important;padding-top: 15px !important;padding-right: 15px !important;padding-bottom: 5px !important;padding-left: 15px !important;background-color: #f3f4f7 !important;}&#8221; el_class=&#8221;testlangues&#8221;][vc_single_image image=&#8221;6991&#8243; img_size=&#8221;full&#8221;][vc_empty_space][vc_column_text] TOEFL IBT\u00ae TESTS MARSEILLE The TOEFL iBT\u00ae (Test Of English [&hellip;]<\/p>\n","protected":false},"author":7,"featured_media":0,"parent":0,"menu_order":0,"comment_status":"closed","ping_status":"closed","template":"","meta":{"footnotes":""},"class_list":["post-4435","page","type-page","status-publish","hentry"],"acf":[],"_links":{"self":[{"href":"https:\/\/www.wtcmp.com\/en\/wp-json\/wp\/v2\/pages\/4435","targetHints":{"allow":["GET"]}}],"collection":[{"href":"https:\/\/www.wtcmp.com\/en\/wp-json\/wp\/v2\/pages"}],"about":[{"href":"https:\/\/www.wtcmp.com\/en\/wp-json\/wp\/v2\/types\/page"}],"author":[{"embeddable":true,"href":"https:\/\/www.wtcmp.com\/en\/wp-json\/wp\/v2\/users\/7"}],"replies":[{"embeddable":true,"href":"https:\/\/www.wtcmp.com\/en\/wp-json\/wp\/v2\/comments?post=4435"}],"version-history":[{"count":16,"href":"https:\/\/www.wtcmp.com\/en\/wp-json\/wp\/v2\/pages\/4435\/revisions"}],"predecessor-version":[{"id":7002,"href":"https:\/\/www.wtcmp.com\/en\/wp-json\/wp\/v2\/pages\/4435\/revisions\/7002"}],"wp:attachment":[{"href":"https:\/\/www.wtcmp.com\/en\/wp-json\/wp\/v2\/media?parent=4435"}],"curies":[{"name":"wp","href":"https:\/\/api.w.org\/{rel}","templated":true}]}}